{"id":8,"date":"2020-04-06T12:28:56","date_gmt":"2020-04-06T12:28:56","guid":{"rendered":"https:\/\/demosites.io\/psychologist\/?page_id=8"},"modified":"2020-11-16T01:47:35","modified_gmt":"2020-11-16T01:47:35","slug":"contact","status":"publish","type":"page","link":"https:\/\/www.pleasantpathscounseling.com\/es\/contact\/","title":{"rendered":"Contacto"},"content":{"rendered":"<div data-elementor-type=\"wp-page\" data-elementor-id=\"8\" class=\"elementor elementor-8\" data-elementor-settings=\"[]\">\n\t\t\t\t\t\t<div class=\"elementor-inner\">\n\t\t\t\t\t\t\t<div class=\"elementor-section-wrap\">\n\t\t\t\t\t\t\t<section class=\"elementor-section elementor-top-section elementor-element elementor-element-43670a4 elementor-section-height-min-height elementor-section-boxed elementor-section-height-default elementor-section-items-middle\" data-id=\"43670a4\" data-element_type=\"section\" data-settings=\"{&quot;background_background&quot;:&quot;classic&quot;}\">\n\t\t\t\t\t\t\t<div class=\"elementor-background-overlay\"><\/div>\n\t\t\t\t\t\t\t<div class=\"elementor-container elementor-column-gap-default\">\n\t\t\t\t\t\t\t<div class=\"elementor-row\">\n\t\t\t\t\t<div class=\"elementor-column elementor-col-100 elementor-top-column elementor-element elementor-element-89fddd7\" data-id=\"89fddd7\" data-element_type=\"column\">\n\t\t\t<div class=\"elementor-column-wrap elementor-element-populated\">\n\t\t\t\t\t\t\t<div class=\"elementor-widget-wrap\">\n\t\t\t\t\t\t<div class=\"elementor-element elementor-element-470bc71 elementor-widget elementor-widget-heading\" data-id=\"470bc71\" data-element_type=\"widget\" data-widget_type=\"heading.default\">\n\t\t\t\t<div class=\"elementor-widget-container\">\n\t\t\t<h1 class=\"elementor-heading-title elementor-size-default\">Contacto<\/h1>\t\t<\/div>\n\t\t\t\t<\/div>\n\t\t\t\t\t\t<\/div>\n\t\t\t\t\t<\/div>\n\t\t<\/div>\n\t\t\t\t\t\t\t\t<\/div>\n\t\t\t\t\t<\/div>\n\t\t<\/section>\n\t\t\t\t<section class=\"elementor-section elementor-top-section elementor-element elementor-element-b13e3b9 elementor-section-boxed elementor-section-height-default elementor-section-height-default\" data-id=\"b13e3b9\" data-element_type=\"section\" data-settings=\"{&quot;background_background&quot;:&quot;classic&quot;}\">\n\t\t\t\t\t\t<div class=\"elementor-container elementor-column-gap-default\">\n\t\t\t\t\t\t\t<div class=\"elementor-row\">\n\t\t\t\t\t<div class=\"elementor-column elementor-col-50 elementor-top-column elementor-element elementor-element-e85949f\" data-id=\"e85949f\" data-element_type=\"column\">\n\t\t\t<div class=\"elementor-column-wrap elementor-element-populated\">\n\t\t\t\t\t\t\t<div class=\"elementor-widget-wrap\">\n\t\t\t\t\t\t<div class=\"elementor-element elementor-element-7ad3004 elementor-vertical-align-middle elementor-view-stacked elementor-shape-circle elementor-position-top elementor-widget elementor-widget-icon-box\" data-id=\"7ad3004\" data-element_type=\"widget\" data-widget_type=\"icon-box.default\">\n\t\t\t\t<div class=\"elementor-widget-container\">\n\t\t\t\t\t<div class=\"elementor-icon-box-wrapper\">\n\t\t\t\t\t\t<div class=\"elementor-icon-box-icon\">\n\t\t\t\t<a class=\"elementor-icon elementor-animation-\" href=\"tel:7733837143\">\n\t\t\t\t<i aria-hidden=\"true\" class=\"fas fa-phone-alt\"><\/i>\t\t\t\t<\/a>\n\t\t\t<\/div>\n\t\t\t\t\t\t<div class=\"elementor-icon-box-content\">\n\t\t\t\t<p class=\"elementor-icon-box-title\">\n\t\t\t\t\t<a href=\"tel:7733837143\">Tel\u00e9fono<\/a>\n\t\t\t\t<\/p>\n\t\t\t\t\t\t\t\t<p class=\"elementor-icon-box-description\">(773) 383-7143<\/p>\n\t\t\t\t\t\t\t<\/div>\n\t\t<\/div>\n\t\t\t\t<\/div>\n\t\t\t\t<\/div>\n\t\t\t\t\t\t<\/div>\n\t\t\t\t\t<\/div>\n\t\t<\/div>\n\t\t\t\t<div class=\"elementor-column elementor-col-50 elementor-top-column elementor-element elementor-element-e74f1ae\" data-id=\"e74f1ae\" data-element_type=\"column\">\n\t\t\t<div class=\"elementor-column-wrap elementor-element-populated\">\n\t\t\t\t\t\t\t<div class=\"elementor-widget-wrap\">\n\t\t\t\t\t\t<div class=\"elementor-element elementor-element-2d4a656 elementor-vertical-align-middle elementor-view-stacked elementor-shape-circle elementor-position-top elementor-widget elementor-widget-icon-box\" data-id=\"2d4a656\" data-element_type=\"widget\" data-widget_type=\"icon-box.default\">\n\t\t\t\t<div class=\"elementor-widget-container\">\n\t\t\t\t\t<div class=\"elementor-icon-box-wrapper\">\n\t\t\t\t\t\t<div class=\"elementor-icon-box-icon\">\n\t\t\t\t<span class=\"elementor-icon elementor-animation-\" >\n\t\t\t\t<i aria-hidden=\"true\" class=\"fas fa-clock\"><\/i>\t\t\t\t<\/span>\n\t\t\t<\/div>\n\t\t\t\t\t\t<div class=\"elementor-icon-box-content\">\n\t\t\t\t<p class=\"elementor-icon-box-title\">\n\t\t\t\t\t<span >Horas<\/span>\n\t\t\t\t<\/p>\n\t\t\t\t\t\t\t\t<p class=\"elementor-icon-box-description\">Lun - Sab 09:00 - 18:00 | Domingo: Cerrado<\/p>\n\t\t\t\t\t\t\t<\/div>\n\t\t<\/div>\n\t\t\t\t<\/div>\n\t\t\t\t<\/div>\n\t\t\t\t\t\t<\/div>\n\t\t\t\t\t<\/div>\n\t\t<\/div>\n\t\t\t\t\t\t\t\t<\/div>\n\t\t\t\t\t<\/div>\n\t\t<\/section>\n\t\t\t\t<section class=\"elementor-section elementor-top-section elementor-element elementor-element-17eb77b elementor-section-content-middle elementor-section-boxed elementor-section-height-default elementor-section-height-default\" data-id=\"17eb77b\" data-element_type=\"section\" data-settings=\"{&quot;background_background&quot;:&quot;classic&quot;}\">\n\t\t\t\t\t\t<div class=\"elementor-container elementor-column-gap-default\">\n\t\t\t\t\t\t\t<div class=\"elementor-row\">\n\t\t\t\t\t<div class=\"elementor-column elementor-col-100 elementor-top-column elementor-element elementor-element-2841741\" data-id=\"2841741\" data-element_type=\"column\" data-settings=\"{&quot;background_background&quot;:&quot;classic&quot;}\">\n\t\t\t<div class=\"elementor-column-wrap elementor-element-populated\">\n\t\t\t\t\t\t\t<div class=\"elementor-widget-wrap\">\n\t\t\t\t\t\t<section class=\"elementor-section elementor-inner-section elementor-element elementor-element-6d8b679 elementor-section-boxed elementor-section-height-default elementor-section-height-default\" data-id=\"6d8b679\" data-element_type=\"section\">\n\t\t\t\t\t\t<div class=\"elementor-container elementor-column-gap-default\">\n\t\t\t\t\t\t\t<div class=\"elementor-row\">\n\t\t\t\t\t<div class=\"elementor-column elementor-col-50 elementor-inner-column elementor-element elementor-element-0db59a2\" data-id=\"0db59a2\" data-element_type=\"column\">\n\t\t\t<div class=\"elementor-column-wrap elementor-element-populated\">\n\t\t\t\t\t\t\t<div class=\"elementor-widget-wrap\">\n\t\t\t\t\t\t<div class=\"elementor-element elementor-element-738e402 elementor-widget elementor-widget-heading\" data-id=\"738e402\" data-element_type=\"widget\" data-widget_type=\"heading.default\">\n\t\t\t\t<div class=\"elementor-widget-container\">\n\t\t\t<h2 class=\"elementor-heading-title elementor-size-default\">Formulario de Contacto<\/h2>\t\t<\/div>\n\t\t\t\t<\/div>\n\t\t\t\t<div class=\"elementor-element elementor-element-c39b717 text-normal elementor-widget elementor-widget-heading\" data-id=\"c39b717\" data-element_type=\"widget\" data-widget_type=\"heading.default\">\n\t\t\t\t<div class=\"elementor-widget-container\">\n\t\t\t<span class=\"elementor-heading-title elementor-size-default\">Puedes usar este formulario para ponerte en contacto conmigo. Te enviar\u00e9 un correo electr\u00f3nico o llamar\u00e9 despu\u00e9s de recibir tu solicitud. <\/span>\t\t<\/div>\n\t\t\t\t<\/div>\n\t\t\t\t<div class=\"elementor-element elementor-element-26d9872 elementor-shape-circle elementor-grid-0 elementor-widget elementor-widget-social-icons\" data-id=\"26d9872\" data-element_type=\"widget\" data-widget_type=\"social-icons.default\">\n\t\t\t\t<div class=\"elementor-widget-container\">\n\t\t\t\t\t<div class=\"elementor-social-icons-wrapper elementor-grid\">\n\t\t\t\t\t\t\t<div class=\"elementor-grid-item\">\n\t\t\t\t\t<a class=\"elementor-icon elementor-social-icon elementor-social-icon-linkedin elementor-repeater-item-7d4c1a0\" href=\"https:\/\/www.linkedin.com\/in\/ruby-zaragoza-2aa53253\/\" target=\"_blank\">\n\t\t\t\t\t\t<span class=\"elementor-screen-only\">Linkedin<\/span>\n\t\t\t\t\t\t<i class=\"fab fa-linkedin\"><\/i>\t\t\t\t\t<\/a>\n\t\t\t\t<\/div>\n\t\t\t\t\t\t\t<div class=\"elementor-grid-item\">\n\t\t\t\t\t<a class=\"elementor-icon elementor-social-icon elementor-social-icon-envelope elementor-repeater-item-76cf33e\" href=\"#\" target=\"_blank\">\n\t\t\t\t\t\t<span class=\"elementor-screen-only\">Carta<\/span>\n\t\t\t\t\t\t<i class=\"fas fa-envelope\"><\/i>\t\t\t\t\t<\/a>\n\t\t\t\t<\/div>\n\t\t\t\t\t\t\t<div class=\"elementor-grid-item\">\n\t\t\t\t\t<a class=\"elementor-icon elementor-social-icon elementor-social-icon-phone-square-alt elementor-repeater-item-9a175c5\" href=\"tel:7733837143\" target=\"_blank\">\n\t\t\t\t\t\t<span class=\"elementor-screen-only\">Phone-square-alt<\/span>\n\t\t\t\t\t\t<i class=\"fas fa-phone-square-alt\"><\/i>\t\t\t\t\t<\/a>\n\t\t\t\t<\/div>\n\t\t\t\t\t<\/div>\n\t\t\t\t<\/div>\n\t\t\t\t<\/div>\n\t\t\t\t\t\t<\/div>\n\t\t\t\t\t<\/div>\n\t\t<\/div>\n\t\t\t\t<div class=\"elementor-column elementor-col-50 elementor-inner-column elementor-element elementor-element-320671a\" data-id=\"320671a\" data-element_type=\"column\">\n\t\t\t<div class=\"elementor-column-wrap elementor-element-populated\">\n\t\t\t\t\t\t\t<div class=\"elementor-widget-wrap\">\n\t\t\t\t\t\t<div class=\"elementor-element elementor-element-fe5c91d elementor-widget elementor-widget-content_form_contact\" data-id=\"fe5c91d\" data-element_type=\"widget\" data-widget_type=\"content_form_contact.default\">\n\t\t\t\t<div class=\"elementor-widget-container\">\n\t\t\t<form action=\"https:\/\/www.pleasantpathscounseling.com\/wp-admin\/admin-post.php\" method=\"post\" name=\"content-form-fe5c91d\" id=\"content-form-fe5c91d\" class=\"ti-cf-module content-form content-form-contact content_form_contact\" data-trp-original-action=\"https:\/\/www.pleasantpathscounseling.com\/wp-admin\/admin-post.php\"><input type=\"hidden\" id=\"_wpnonce_contact\" name=\"_wpnonce_contact\" value=\"6813c7ce07\" \/><input type=\"hidden\" name=\"_wp_http_referer\" value=\"\/es\/wp-json\/wp\/v2\/pages\/8\" \/><input type=\"hidden\" name=\"action\" value=\"content_form_submit\" \/><input type=\"hidden\" name=\"form-type\" value=\"contact\" \/><input type=\"hidden\" name=\"form-builder\" value=\"elementor\" \/><input type=\"hidden\" name=\"post-id\" value=\"8\" \/><input type=\"hidden\" name=\"form-id\" value=\"fe5c91d\" \/><fieldset class=\"content-form-field-text elementor-column elementor-col-100\"><label for=\"data[fe5c91d][name]\" ><\/label><input type=\"text\" name=\"data[fe5c91d][name]\" id=\"data[fe5c91d][name]\" required=\"required\"  placeholder=\"Tu Nombre\"><\/fieldset><fieldset class=\"content-form-field-text elementor-column elementor-col-100\"><label for=\"data[fe5c91d][phone]\" ><\/label><input type=\"text\" name=\"data[fe5c91d][phone]\" id=\"data[fe5c91d][phone]\" required=\"required\"  placeholder=\"Tel\u00e9fono\"><\/fieldset><fieldset class=\"content-form-field-email elementor-column elementor-col-100\"><label for=\"data[fe5c91d][email]\" ><\/label><input type=\"text\" name=\"data[fe5c91d][email]\" id=\"data[fe5c91d][email]\"   placeholder=\"Direcci\u00f3n de correo electr\u00f3nico\"><\/fieldset><fieldset class=\"content-form-field-textarea elementor-column elementor-col-100\"><label for=\"data[fe5c91d][message]\" ><\/label><textarea name=\"data[fe5c91d][message]\" id=\"data[fe5c91d][message]\"   placeholder=\"Mensaje\" cols=\"30\" rows=\"5\"><\/textarea><\/fieldset><fieldset class=\"submit-form contact\"><button type=\"submit\" name=\"submit\"  value=\"submit-contact-fe5c91d\" class=\"\">Enviar mensaje<\/button><\/fieldset><input type=\"hidden\" name=\"trp-form-language\" value=\"es\"\/><\/form>\t\t<\/div>\n\t\t\t\t<\/div>\n\t\t\t\t\t\t<\/div>\n\t\t\t\t\t<\/div>\n\t\t<\/div>\n\t\t\t\t\t\t\t\t<\/div>\n\t\t\t\t\t<\/div>\n\t\t<\/section>\n\t\t\t\t\t\t<\/div>\n\t\t\t\t\t<\/div>\n\t\t<\/div>\n\t\t\t\t\t\t\t\t<\/div>\n\t\t\t\t\t<\/div>\n\t\t<\/section>\n\t\t\t\t\t\t<\/div>\n\t\t\t\t\t\t<\/div>\n\t\t\t\t\t<\/div>","protected":false},"excerpt":{"rendered":"<p>Contact Call (773) 383-7143 Hours Mon &#8211; Sat 09:00 &#8211; 18:00 | Sunday: Closed Contact Form You can use this form to get into contact with me. I&#8217;ll send you an email or call after receiving your inquiry. Linkedin Envelope Phone-square-alt Send message<\/p>","protected":false},"author":1,"featured_media":0,"parent":0,"menu_order":0,"comment_status":"closed","ping_status":"closed","template":"page-templates\/template-pagebuilder-full-width.php","meta":{"neve_meta_sidebar":"full-width","neve_meta_container":"","neve_meta_enable_content_width":"on","neve_meta_content_width":100,"neve_meta_title_alignment":"","neve_meta_author_avatar":"","neve_post_elements_order":"","neve_meta_disable_header":"","neve_meta_disable_footer":"","neve_meta_disable_title":""},"_links":{"self":[{"href":"https:\/\/www.pleasantpathscounseling.com\/es\/wp-json\/wp\/v2\/pages\/8"}],"collection":[{"href":"https:\/\/www.pleasantpathscounseling.com\/es\/wp-json\/wp\/v2\/pages"}],"about":[{"href":"https:\/\/www.pleasantpathscounseling.com\/es\/wp-json\/wp\/v2\/types\/page"}],"author":[{"embeddable":true,"href":"https:\/\/www.pleasantpathscounseling.com\/es\/wp-json\/wp\/v2\/users\/1"}],"replies":[{"embeddable":true,"href":"https:\/\/www.pleasantpathscounseling.com\/es\/wp-json\/wp\/v2\/comments?post=8"}],"version-history":[{"count":9,"href":"https:\/\/www.pleasantpathscounseling.com\/es\/wp-json\/wp\/v2\/pages\/8\/revisions"}],"predecessor-version":[{"id":291,"href":"https:\/\/www.pleasantpathscounseling.com\/es\/wp-json\/wp\/v2\/pages\/8\/revisions\/291"}],"wp:attachment":[{"href":"https:\/\/www.pleasantpathscounseling.com\/es\/wp-json\/wp\/v2\/media?parent=8"}],"curies":[{"name":"wp","href":"https:\/\/api.w.org\/{rel}","templated":true}]}}