{"id":248,"date":"2020-11-15T19:21:52","date_gmt":"2020-11-15T19:21:52","guid":{"rendered":"https:\/\/www.pleasantpathscounseling.com\/bf9da-psychologist-therapy-details-copy\/"},"modified":"2020-11-25T15:05:18","modified_gmt":"2020-11-25T15:05:18","slug":"about","status":"publish","type":"page","link":"https:\/\/www.pleasantpathscounseling.com\/es\/about\/","title":{"rendered":"Con\u00f3cenos"},"content":{"rendered":"<div data-elementor-type=\"wp-page\" data-elementor-id=\"248\" class=\"elementor elementor-248\" data-elementor-settings=\"[]\">\n\t\t\t\t\t\t<div class=\"elementor-inner\">\n\t\t\t\t\t\t\t<div class=\"elementor-section-wrap\">\n\t\t\t\t\t\t\t<section class=\"elementor-section elementor-top-section elementor-element elementor-element-b811a04 elementor-section-height-min-height elementor-section-boxed elementor-section-height-default elementor-section-items-middle\" data-id=\"b811a04\" data-element_type=\"section\" data-settings=\"{&quot;background_background&quot;:&quot;classic&quot;}\">\n\t\t\t\t\t\t\t<div class=\"elementor-background-overlay\"><\/div>\n\t\t\t\t\t\t\t<div class=\"elementor-container elementor-column-gap-default\">\n\t\t\t\t\t\t\t<div class=\"elementor-row\">\n\t\t\t\t\t<div class=\"elementor-column elementor-col-100 elementor-top-column elementor-element elementor-element-617cb43\" data-id=\"617cb43\" data-element_type=\"column\">\n\t\t\t<div class=\"elementor-column-wrap elementor-element-populated\">\n\t\t\t\t\t\t\t<div class=\"elementor-widget-wrap\">\n\t\t\t\t\t\t<div class=\"elementor-element elementor-element-0cf373a elementor-widget elementor-widget-heading\" data-id=\"0cf373a\" data-element_type=\"widget\" data-widget_type=\"heading.default\">\n\t\t\t\t<div class=\"elementor-widget-container\">\n\t\t\t<h1 class=\"elementor-heading-title elementor-size-default\">Con\u00f3cenos<\/h1>\t\t<\/div>\n\t\t\t\t<\/div>\n\t\t\t\t\t\t<\/div>\n\t\t\t\t\t<\/div>\n\t\t<\/div>\n\t\t\t\t\t\t\t\t<\/div>\n\t\t\t\t\t<\/div>\n\t\t<\/section>\n\t\t\t\t<section class=\"elementor-section elementor-top-section elementor-element elementor-element-10d30f8 elementor-section-boxed elementor-section-height-default elementor-section-height-default\" data-id=\"10d30f8\" data-element_type=\"section\" data-settings=\"{&quot;background_background&quot;:&quot;classic&quot;}\">\n\t\t\t\t\t\t<div class=\"elementor-container elementor-column-gap-default\">\n\t\t\t\t\t\t\t<div class=\"elementor-row\">\n\t\t\t\t\t<div class=\"elementor-column elementor-col-100 elementor-top-column elementor-element elementor-element-70d45f6\" data-id=\"70d45f6\" data-element_type=\"column\">\n\t\t\t<div class=\"elementor-column-wrap elementor-element-populated\">\n\t\t\t\t\t\t\t<div class=\"elementor-widget-wrap\">\n\t\t\t\t\t\t<section class=\"elementor-section elementor-inner-section elementor-element elementor-element-946c91e elementor-section-boxed elementor-section-height-default elementor-section-height-default\" data-id=\"946c91e\" data-element_type=\"section\">\n\t\t\t\t\t\t<div class=\"elementor-container elementor-column-gap-default\">\n\t\t\t\t\t\t\t<div class=\"elementor-row\">\n\t\t\t\t\t<div class=\"elementor-column elementor-col-50 elementor-inner-column elementor-element elementor-element-df624a7\" data-id=\"df624a7\" data-element_type=\"column\">\n\t\t\t<div class=\"elementor-column-wrap elementor-element-populated\">\n\t\t\t\t\t\t\t<div class=\"elementor-widget-wrap\">\n\t\t\t\t\t\t<div class=\"elementor-element elementor-element-0dc3423 elementor-widget elementor-widget-heading\" data-id=\"0dc3423\" data-element_type=\"widget\" data-widget_type=\"heading.default\">\n\t\t\t\t<div class=\"elementor-widget-container\">\n\t\t\t<h2 class=\"elementor-heading-title elementor-size-default\">Acerca de Ruby<\/h2>\t\t<\/div>\n\t\t\t\t<\/div>\n\t\t\t\t<div class=\"elementor-element elementor-element-9d1daab elementor-widget elementor-widget-text-editor\" data-id=\"9d1daab\" data-element_type=\"widget\" data-widget_type=\"text-editor.default\">\n\t\t\t\t<div class=\"elementor-widget-container\">\n\t\t\t\t\t<div class=\"elementor-text-editor elementor-clearfix\"><div><p>Hola, soy Ruby. Aceptar que la terapia es algo que tu o tu ser querido puedan necesitar no es una decisi\u00f3n sencilla y el viaje puede ser muy largo pero al final vale la pena totalmente. El viaje que tomas en la terapia no solo se enfoca en lo que est\u00e1 mal si no tambi\u00e9n en lo bueno y como aprendemos a concentrarnos en nuestras fortalezas y momentos de orgullo en nuestras vidas para ayudarnos a ser una mejor versi\u00f3n de nosotros mismos. El ruido en nuestras vidas siempre estar\u00e1 all\u00ed y no podremos controlarlo pero si podemos controlar como reaccionamos y trascendemos m\u00e1s all\u00e1 del sufrimiento y la angustia.<\/p><p>Soy una Consejera Profesional Licenciada (CPL) con experiencia en terapia individual, matrimonial y familiar con la pasi\u00f3n de ayudarte a reconectarte a ti mismo o a los dem\u00e1s, ofreci\u00e9ndote un enfoque centrado en el cliente y en las soluciones, y orientaci\u00f3n mientras trasciendes a esta nueva fase de tu vida. Otras especialidades son la din\u00e1mica relacional, las transiciones de la vida, el desarrollo de la carrera, la terapia de grupo, los ni\u00f1os y adolescentes. Tambi\u00e9n soy biling\u00fce espa\u00f1ol\/ingl\u00e9s.<\/p><\/div><div>\u00a0<\/div><div><div><h4>Titulaci\u00f3n<\/h4><ul><li><strong>A\u00f1os de Experiencia:<\/strong>\u00a04 A\u00f1os<\/li><li><strong>Licencia:<\/strong>\u00a0Illinois \/ 208.000561<\/li><li><strong>Universidad:<\/strong>\u00a0Northeastern Illinois University<\/li><li><strong>A\u00f1o de Graduaci\u00f3n:<\/strong>\u00a02016<\/li><\/ul><\/div><div><h4>Credenciales Adicionales<\/h4><ul><li><strong>Nro. de Licencia y Estado:<\/strong>\u00a0178.012568 Departamento de Reglamentos Financieros y Profesionales<\/li><li><b>Nro. de Licencia y Estado:\u00a0<\/b>178.012568 (Terapeuta de Matrimonio y Familia)<\/li><\/ul><\/div><\/div><div>\u00a0<\/div><\/div>\n\t\t\t\t<\/div>\n\t\t\t\t<\/div>\n\t\t\t\t<div class=\"elementor-element elementor-element-ad0cf8d elementor-align-center elementor-widget elementor-widget-button\" data-id=\"ad0cf8d\" data-element_type=\"widget\" data-widget_type=\"button.default\">\n\t\t\t\t<div class=\"elementor-widget-container\">\n\t\t\t\t\t<div class=\"elementor-button-wrapper\">\n\t\t\t<a href=\"https:\/\/www.pleasantpathscounseling.com\/es\/contact\/\" class=\"elementor-button-link elementor-button elementor-size-sm\" role=\"button\">\n\t\t\t\t\t\t<span class=\"elementor-button-content-wrapper\">\n\t\t\t\t\t\t<span class=\"elementor-button-text\">Contactar a Ruby<\/span>\n\t\t<\/span>\n\t\t\t\t\t<\/a>\n\t\t<\/div>\n\t\t\t\t<\/div>\n\t\t\t\t<\/div>\n\t\t\t\t\t\t<\/div>\n\t\t\t\t\t<\/div>\n\t\t<\/div>\n\t\t\t\t<div class=\"elementor-column elementor-col-50 elementor-inner-column elementor-element elementor-element-947745a\" data-id=\"947745a\" data-element_type=\"column\">\n\t\t\t<div class=\"elementor-column-wrap elementor-element-populated\">\n\t\t\t\t\t\t\t<div class=\"elementor-widget-wrap\">\n\t\t\t\t\t\t<div class=\"elementor-element elementor-element-38b282c elementor-widget elementor-widget-image\" data-id=\"38b282c\" data-element_type=\"widget\" data-widget_type=\"image.default\">\n\t\t\t\t<div class=\"elementor-widget-container\">\n\t\t\t\t\t<div class=\"elementor-image\">\n\t\t\t\t\t\t\t\t\t\t<img width=\"640\" height=\"1024\" src=\"https:\/\/www.pleasantpathscounseling.com\/wp-content\/uploads\/2020\/11\/FullSizeRender-1-scaled-e1606311534387-640x1024.jpeg\" class=\"attachment-large size-large\" alt=\"\" loading=\"lazy\" srcset=\"https:\/\/www.pleasantpathscounseling.com\/wp-content\/uploads\/2020\/11\/FullSizeRender-1-scaled-e1606311534387-640x1024.jpeg 640w, https:\/\/www.pleasantpathscounseling.com\/wp-content\/uploads\/2020\/11\/FullSizeRender-1-scaled-e1606311534387-187x300.jpeg 187w, https:\/\/www.pleasantpathscounseling.com\/wp-content\/uploads\/2020\/11\/FullSizeRender-1-scaled-e1606311534387-768x1230.jpeg 768w, https:\/\/www.pleasantpathscounseling.com\/wp-content\/uploads\/2020\/11\/FullSizeRender-1-scaled-e1606311534387-959x1536.jpeg 959w, https:\/\/www.pleasantpathscounseling.com\/wp-content\/uploads\/2020\/11\/FullSizeRender-1-scaled-e1606311534387-7x12.jpeg 7w, https:\/\/www.pleasantpathscounseling.com\/wp-content\/uploads\/2020\/11\/FullSizeRender-1-scaled-e1606311534387.jpeg 1171w\" sizes=\"(max-width: 640px) 100vw, 640px\" \/>\t\t\t\t\t\t\t\t\t\t\t<\/div>\n\t\t\t\t<\/div>\n\t\t\t\t<\/div>\n\t\t\t\t\t\t<\/div>\n\t\t\t\t\t<\/div>\n\t\t<\/div>\n\t\t\t\t\t\t\t\t<\/div>\n\t\t\t\t\t<\/div>\n\t\t<\/section>\n\t\t\t\t\t\t<\/div>\n\t\t\t\t\t<\/div>\n\t\t<\/div>\n\t\t\t\t\t\t\t\t<\/div>\n\t\t\t\t\t<\/div>\n\t\t<\/section>\n\t\t\t\t<section class=\"elementor-section elementor-top-section elementor-element elementor-element-ffc8e12 elementor-section-boxed elementor-section-height-default elementor-section-height-default\" data-id=\"ffc8e12\" data-element_type=\"section\" data-settings=\"{&quot;background_background&quot;:&quot;classic&quot;}\">\n\t\t\t\t\t\t<div class=\"elementor-container elementor-column-gap-default\">\n\t\t\t\t\t\t\t<div class=\"elementor-row\">\n\t\t\t\t\t<div class=\"elementor-column elementor-col-100 elementor-top-column elementor-element elementor-element-bf30564\" data-id=\"bf30564\" data-element_type=\"column\">\n\t\t\t<div class=\"elementor-column-wrap elementor-element-populated\">\n\t\t\t\t\t\t\t<div class=\"elementor-widget-wrap\">\n\t\t\t\t\t\t<section class=\"elementor-section elementor-inner-section elementor-element elementor-element-6d9a1a7 elementor-section-boxed elementor-section-height-default elementor-section-height-default\" data-id=\"6d9a1a7\" data-element_type=\"section\">\n\t\t\t\t\t\t<div class=\"elementor-container elementor-column-gap-default\">\n\t\t\t\t\t\t\t<div class=\"elementor-row\">\n\t\t\t\t\t<div class=\"elementor-column elementor-col-33 elementor-inner-column elementor-element elementor-element-f895acc\" data-id=\"f895acc\" data-element_type=\"column\" data-settings=\"{&quot;background_background&quot;:&quot;classic&quot;}\">\n\t\t\t<div class=\"elementor-column-wrap elementor-element-populated\">\n\t\t\t\t\t\t\t<div class=\"elementor-widget-wrap\">\n\t\t\t\t\t\t<div class=\"elementor-element elementor-element-4a80588 elementor-widget elementor-widget-text-editor\" data-id=\"4a80588\" data-element_type=\"widget\" data-widget_type=\"text-editor.default\">\n\t\t\t\t<div class=\"elementor-widget-container\">\n\t\t\t\t\t<div class=\"elementor-text-editor elementor-clearfix\"><p><strong>Especialista<\/strong>: Ruby Zaragoza<\/p><\/div>\n\t\t\t\t<\/div>\n\t\t\t\t<\/div>\n\t\t\t\t\t\t<\/div>\n\t\t\t\t\t<\/div>\n\t\t<\/div>\n\t\t\t\t<div class=\"elementor-column elementor-col-33 elementor-inner-column elementor-element elementor-element-cac0b90\" data-id=\"cac0b90\" data-element_type=\"column\" data-settings=\"{&quot;background_background&quot;:&quot;classic&quot;}\">\n\t\t\t<div class=\"elementor-column-wrap elementor-element-populated\">\n\t\t\t\t\t\t\t<div class=\"elementor-widget-wrap\">\n\t\t\t\t\t\t<div class=\"elementor-element elementor-element-abd782c elementor-widget elementor-widget-text-editor\" data-id=\"abd782c\" data-element_type=\"widget\" data-widget_type=\"text-editor.default\">\n\t\t\t\t<div class=\"elementor-widget-container\">\n\t\t\t\t\t<div class=\"elementor-text-editor elementor-clearfix\"><p><strong>A\u00f1os de Experiencia: 4<\/strong><\/p><\/div>\n\t\t\t\t<\/div>\n\t\t\t\t<\/div>\n\t\t\t\t\t\t<\/div>\n\t\t\t\t\t<\/div>\n\t\t<\/div>\n\t\t\t\t<div class=\"elementor-column elementor-col-33 elementor-inner-column elementor-element elementor-element-57dcd0a\" data-id=\"57dcd0a\" data-element_type=\"column\" data-settings=\"{&quot;background_background&quot;:&quot;classic&quot;}\">\n\t\t\t<div class=\"elementor-column-wrap elementor-element-populated\">\n\t\t\t\t\t\t\t<div class=\"elementor-widget-wrap\">\n\t\t\t\t\t\t<div class=\"elementor-element elementor-element-eb681a2 elementor-widget elementor-widget-text-editor\" data-id=\"eb681a2\" data-element_type=\"widget\" data-widget_type=\"text-editor.default\">\n\t\t\t\t<div class=\"elementor-widget-container\">\n\t\t\t\t\t<div class=\"elementor-text-editor elementor-clearfix\"><p><strong>Especialidades<\/strong>: Depresi\u00f3n, Familia, Ansiedad<\/p><\/div>\n\t\t\t\t<\/div>\n\t\t\t\t<\/div>\n\t\t\t\t\t\t<\/div>\n\t\t\t\t\t<\/div>\n\t\t<\/div>\n\t\t\t\t\t\t\t\t<\/div>\n\t\t\t\t\t<\/div>\n\t\t<\/section>\n\t\t\t\t\t\t<\/div>\n\t\t\t\t\t<\/div>\n\t\t<\/div>\n\t\t\t\t\t\t\t\t<\/div>\n\t\t\t\t\t<\/div>\n\t\t<\/section>\n\t\t\t\t<section class=\"elementor-section elementor-top-section elementor-element elementor-element-b9718b9 elementor-section-full_width elementor-section-height-default elementor-section-height-default\" data-id=\"b9718b9\" data-element_type=\"section\" data-settings=\"{&quot;background_background&quot;:&quot;classic&quot;}\">\n\t\t\t\t\t\t<div class=\"elementor-container elementor-column-gap-no\">\n\t\t\t\t\t\t\t<div class=\"elementor-row\">\n\t\t\t\t\t<div class=\"elementor-column elementor-col-50 elementor-top-column elementor-element elementor-element-9b148ea\" data-id=\"9b148ea\" data-element_type=\"column\">\n\t\t\t<div class=\"elementor-column-wrap elementor-element-populated\">\n\t\t\t\t\t\t\t<div class=\"elementor-widget-wrap\">\n\t\t\t\t\t\t<section class=\"elementor-section elementor-inner-section elementor-element elementor-element-9aeea97 elementor-section-boxed elementor-section-height-default elementor-section-height-default\" data-id=\"9aeea97\" data-element_type=\"section\">\n\t\t\t\t\t\t<div class=\"elementor-container elementor-column-gap-default\">\n\t\t\t\t\t\t\t<div class=\"elementor-row\">\n\t\t\t\t\t<div class=\"elementor-column elementor-col-100 elementor-inner-column elementor-element elementor-element-cd0af79\" data-id=\"cd0af79\" data-element_type=\"column\">\n\t\t\t<div class=\"elementor-column-wrap elementor-element-populated\">\n\t\t\t\t\t\t\t<div class=\"elementor-widget-wrap\">\n\t\t\t\t\t\t<div class=\"elementor-element elementor-element-ede7149 elementor-widget elementor-widget-heading\" data-id=\"ede7149\" data-element_type=\"widget\" data-widget_type=\"heading.default\">\n\t\t\t\t<div class=\"elementor-widget-container\">\n\t\t\t<h2 class=\"elementor-heading-title elementor-size-default\">Finanzas<\/h2>\t\t<\/div>\n\t\t\t\t<\/div>\n\t\t\t\t<div class=\"elementor-element elementor-element-88289e1 elementor-widget elementor-widget-text-editor\" data-id=\"88289e1\" data-element_type=\"widget\" data-widget_type=\"text-editor.default\">\n\t\t\t\t<div class=\"elementor-widget-container\">\n\t\t\t\t\t<div class=\"elementor-text-editor elementor-clearfix\"><h4>En persona<\/h4>\n<div class=\"profile-content\">\n<div class=\"specialties-column\">\n<div class=\"spec-list attributes-insurance\">\n<p class=\"spec-subcat\"><strong>Planes de Seguro Aceptados<\/strong><\/p>\n<div class=\"col-split-xs-1 col-split-md-2\">\n<ul class=\"attribute-list copy-small\">\n<li class=\"\">BlueCross y BlueShield<\/li>\n<li class=\"\">Cigna<\/li>\n<li class=\"\">Optum<\/li>\n<li class=\"\">UnitedHealthcare<\/li>\n<\/ul>\n<div>Verificaremos los beneficios del seguro en su nombre para que est\u00e9 al tanto del costo asociado con la terapia antes de su cita.<\/div>\n<div>&nbsp;<\/div>\n<div>Por favor cont\u00e1ctese conmigo si tiene alguna pregunta sobre el seguro o los pagos.&nbsp;<\/div><div><br><\/div><div>Ofrezco una consulta gratuita de 20 minutos.&nbsp;<\/div>\n<\/div>\n<\/div>\n<\/div>\n<\/div><\/div>\n\t\t\t\t<\/div>\n\t\t\t\t<\/div>\n\t\t\t\t<div class=\"elementor-element elementor-element-2d46577 elementor-align-center elementor-widget elementor-widget-button\" data-id=\"2d46577\" data-element_type=\"widget\" data-widget_type=\"button.default\">\n\t\t\t\t<div class=\"elementor-widget-container\">\n\t\t\t\t\t<div class=\"elementor-button-wrapper\">\n\t\t\t<a href=\"https:\/\/www.pleasantpathscounseling.com\/es\/contact\/\" class=\"elementor-button-link elementor-button elementor-size-sm\" role=\"button\">\n\t\t\t\t\t\t<span class=\"elementor-button-content-wrapper\">\n\t\t\t\t\t\t<span class=\"elementor-button-text\">Contactar a Ruby<\/span>\n\t\t<\/span>\n\t\t\t\t\t<\/a>\n\t\t<\/div>\n\t\t\t\t<\/div>\n\t\t\t\t<\/div>\n\t\t\t\t\t\t<\/div>\n\t\t\t\t\t<\/div>\n\t\t<\/div>\n\t\t\t\t\t\t\t\t<\/div>\n\t\t\t\t\t<\/div>\n\t\t<\/section>\n\t\t\t\t\t\t<\/div>\n\t\t\t\t\t<\/div>\n\t\t<\/div>\n\t\t\t\t<div class=\"elementor-column elementor-col-50 elementor-top-column elementor-element elementor-element-aeed3aa\" data-id=\"aeed3aa\" data-element_type=\"column\">\n\t\t\t<div class=\"elementor-column-wrap elementor-element-populated\">\n\t\t\t\t\t\t\t<div class=\"elementor-widget-wrap\">\n\t\t\t\t\t\t<div class=\"elementor-element elementor-element-267d527 elementor-widget elementor-widget-image\" data-id=\"267d527\" data-element_type=\"widget\" data-widget_type=\"image.default\">\n\t\t\t\t<div class=\"elementor-widget-container\">\n\t\t\t\t\t<div class=\"elementor-image\">\n\t\t\t\t\t\t\t\t\t\t<img src=\"https:\/\/www.pleasantpathscounseling.com\/wp-content\/uploads\/elementor\/thumbs\/pexels-polina-zimmerman-3958385-oygseka9ifjojgp8o92tl6a7xmv2vjqgcmcz5o9phc.jpg\" title=\"pexels-polina-zimmerman-3958385\" alt=\"pexels-polina-zimmerman-3958385\" \/>\t\t\t\t\t\t\t\t\t\t\t<\/div>\n\t\t\t\t<\/div>\n\t\t\t\t<\/div>\n\t\t\t\t\t\t<\/div>\n\t\t\t\t\t<\/div>\n\t\t<\/div>\n\t\t\t\t\t\t\t\t<\/div>\n\t\t\t\t\t<\/div>\n\t\t<\/section>\n\t\t\t\t\t\t<\/div>\n\t\t\t\t\t\t<\/div>\n\t\t\t\t\t<\/div>","protected":false},"excerpt":{"rendered":"<p>About About Ruby Hi, I\u2019M Ruby. Realizing therapy is something you or your loved one may need is not an easy decision to be made and the journey can be long but well worth it in the end. The journey you take in therapy does not only focus on what is going wrong but what&hellip;&nbsp;<a href=\"https:\/\/www.pleasantpathscounseling.com\/es\/about\/\" class=\"\" rel=\"bookmark\">Leer m\u00e1s &raquo;<span class=\"screen-reader-text\">Con\u00f3cenos<\/span><\/a><\/p>","protected":false},"author":1,"featured_media":0,"parent":0,"menu_order":0,"comment_status":"closed","ping_status":"closed","template":"page-templates\/template-pagebuilder-full-width.php","meta":{"neve_meta_sidebar":"full-width","neve_meta_container":"","neve_meta_enable_content_width":"on","neve_meta_content_width":100,"neve_meta_title_alignment":"","neve_meta_author_avatar":"","neve_post_elements_order":"","neve_meta_disable_header":"","neve_meta_disable_footer":"","neve_meta_disable_title":""},"_links":{"self":[{"href":"https:\/\/www.pleasantpathscounseling.com\/es\/wp-json\/wp\/v2\/pages\/248"}],"collection":[{"href":"https:\/\/www.pleasantpathscounseling.com\/es\/wp-json\/wp\/v2\/pages"}],"about":[{"href":"https:\/\/www.pleasantpathscounseling.com\/es\/wp-json\/wp\/v2\/types\/page"}],"author":[{"embeddable":true,"href":"https:\/\/www.pleasantpathscounseling.com\/es\/wp-json\/wp\/v2\/users\/1"}],"replies":[{"embeddable":true,"href":"https:\/\/www.pleasantpathscounseling.com\/es\/wp-json\/wp\/v2\/comments?post=248"}],"version-history":[{"count":11,"href":"https:\/\/www.pleasantpathscounseling.com\/es\/wp-json\/wp\/v2\/pages\/248\/revisions"}],"predecessor-version":[{"id":322,"href":"https:\/\/www.pleasantpathscounseling.com\/es\/wp-json\/wp\/v2\/pages\/248\/revisions\/322"}],"wp:attachment":[{"href":"https:\/\/www.pleasantpathscounseling.com\/es\/wp-json\/wp\/v2\/media?parent=248"}],"curies":[{"name":"wp","href":"https:\/\/api.w.org\/{rel}","templated":true}]}}